{"id":60,"date":"2018-08-30T19:11:33","date_gmt":"2018-08-30T19:11:33","guid":{"rendered":"http:\/\/localhost\/academia-odontologia\/?page_id=60"},"modified":"2022-06-27T19:17:31","modified_gmt":"2022-06-27T19:17:31","slug":"museu","status":"publish","type":"page","link":"https:\/\/academiaodontorn.com.br\/index.php\/museu\/","title":{"rendered":"Museu"},"content":{"rendered":"\n<h2 class=\"wp-block-heading\"><strong>O Museu<\/strong><\/h2>\n\n\n\n<p>O Museu recebeu o nome de SOLON DE MIRANDA GALV\u00c3O e teve origem no Instituto&nbsp;de mesmo nome, ao qual pertenciam seu filho Clemente Galv\u00e3o Neto e mais os&nbsp;Acad\u00eamicos Darce, Paulo, Yara, Elza e An\u00edbal.<\/p>\n\n\n\n<p>Na \u00e9poca, embora em local pequeno, o Museu j\u00e1 tinha in\u00fameras pe\u00e7as, onde, al\u00e9m&nbsp;daquelas pertencentes ao Dr. Solon, iam sendo acumuladas, muitas outras conseguidas&nbsp;por todo o Brasil por seu filho Clemente, quando de suas in\u00fameras viagens como Vice Presidente&nbsp;do Conselho Federal de Odontologia, por cerca de vinte anos.<\/p>\n\n\n\n<p>Assim que foi fundada a Academia houve a doa\u00e7\u00e3o do Museu com todo seu acervo,&nbsp;inclusive o nome; ele est\u00e1 localizado no andar superior da Academia.<\/p>\n\n\n\n<p>Hoje, tem renome nacional com registro em todos os \u00f3rg\u00e3os de Museus do Brasil,&nbsp;constando em seu acervo mais de 20.000 pe\u00e7as.<\/p>\n\n\n\n<h2 class=\"wp-block-heading\"><strong>A Biblioteca<\/strong><\/h2>\n\n\n\n<p>A biblioteca est\u00e1 localizada ao lado do Museu, em seu acervo possui exemplares valiosos, que est\u00e3o dispon\u00edveis para consultas e\/ou eventuais empr\u00e9stimos.<\/p>\n\n\n\n<hr class=\"wp-block-separator\"\/>\n\n\n\n<h2 class=\"wp-block-heading\"><strong>Algumas pe\u00e7as constantes do acervo do Museu<\/strong><\/h2>\n\n\n\n<figure class=\"wp-block-gallery has-nested-images columns-5 is-cropped wp-block-gallery-1 is-layout-flex wp-block-gallery-is-layout-flex\">\n<figure class=\"wp-block-image size-full\"><a href=\"http:\/\/academiaodontorn.com.br\/wp-content\/uploads\/2022\/06\/Foto-04.jpg\"><img loading=\"lazy\" decoding=\"async\" width=\"321\" height=\"577\" data-id=\"738\" src=\"http:\/\/academiaodontorn.com.br\/wp-content\/uploads\/2022\/06\/Foto-04.jpg\" alt=\"\" class=\"wp-image-738\" srcset=\"https:\/\/academiaodontorn.com.br\/wp-content\/uploads\/2022\/06\/Foto-04.jpg 321w, https:\/\/academiaodontorn.com.br\/wp-content\/uploads\/2022\/06\/Foto-04-167x300.jpg 167w\" sizes=\"(max-width: 321px) 100vw, 321px\" \/><\/a><\/figure>\n\n\n\n<figure class=\"wp-block-image size-full\"><a href=\"http:\/\/academiaodontorn.com.br\/wp-content\/uploads\/2022\/06\/Foto-07.jpg\"><img loading=\"lazy\" decoding=\"async\" width=\"552\" height=\"396\" data-id=\"739\" src=\"http:\/\/academiaodontorn.com.br\/wp-content\/uploads\/2022\/06\/Foto-07.jpg\" alt=\"\" class=\"wp-image-739\" srcset=\"https:\/\/academiaodontorn.com.br\/wp-content\/uploads\/2022\/06\/Foto-07.jpg 552w, https:\/\/academiaodontorn.com.br\/wp-content\/uploads\/2022\/06\/Foto-07-300x215.jpg 300w\" sizes=\"(max-width: 552px) 100vw, 552px\" \/><\/a><\/figure>\n\n\n\n<figure class=\"wp-block-image size-full\"><a href=\"http:\/\/academiaodontorn.com.br\/wp-content\/uploads\/2022\/06\/Foto-25.jpg\"><img loading=\"lazy\" decoding=\"async\" width=\"441\" height=\"386\" data-id=\"741\" src=\"http:\/\/academiaodontorn.com.br\/wp-content\/uploads\/2022\/06\/Foto-25.jpg\" alt=\"\" class=\"wp-image-741\" srcset=\"https:\/\/academiaodontorn.com.br\/wp-content\/uploads\/2022\/06\/Foto-25.jpg 441w, https:\/\/academiaodontorn.com.br\/wp-content\/uploads\/2022\/06\/Foto-25-300x263.jpg 300w\" sizes=\"(max-width: 441px) 100vw, 441px\" \/><\/a><\/figure>\n\n\n\n<figure class=\"wp-block-image size-full\"><a href=\"http:\/\/academiaodontorn.com.br\/wp-content\/uploads\/2022\/06\/Foto-30.jpg\"><img loading=\"lazy\" decoding=\"async\" width=\"431\" height=\"399\" data-id=\"743\" src=\"http:\/\/academiaodontorn.com.br\/wp-content\/uploads\/2022\/06\/Foto-30.jpg\" alt=\"\" class=\"wp-image-743\" srcset=\"https:\/\/academiaodontorn.com.br\/wp-content\/uploads\/2022\/06\/Foto-30.jpg 431w, https:\/\/academiaodontorn.com.br\/wp-content\/uploads\/2022\/06\/Foto-30-300x278.jpg 300w\" sizes=\"(max-width: 431px) 100vw, 431px\" \/><\/a><\/figure>\n\n\n\n<figure class=\"wp-block-image size-full\"><a href=\"http:\/\/academiaodontorn.com.br\/wp-content\/uploads\/2022\/06\/Foto-48.jpg\"><img loading=\"lazy\" decoding=\"async\" width=\"578\" height=\"333\" data-id=\"745\" src=\"http:\/\/academiaodontorn.com.br\/wp-content\/uploads\/2022\/06\/Foto-48.jpg\" alt=\"\" class=\"wp-image-745\" srcset=\"https:\/\/academiaodontorn.com.br\/wp-content\/uploads\/2022\/06\/Foto-48.jpg 578w, https:\/\/academiaodontorn.com.br\/wp-content\/uploads\/2022\/06\/Foto-48-300x173.jpg 300w\" sizes=\"(max-width: 578px) 100vw, 578px\" \/><\/a><\/figure>\n\n\n\n<figure class=\"wp-block-image size-full\"><a href=\"http:\/\/academiaodontorn.com.br\/wp-content\/uploads\/2022\/06\/Foto-27.jpg\"><img loading=\"lazy\" decoding=\"async\" width=\"315\" height=\"594\" data-id=\"742\" src=\"http:\/\/academiaodontorn.com.br\/wp-content\/uploads\/2022\/06\/Foto-27.jpg\" alt=\"\" class=\"wp-image-742\" srcset=\"https:\/\/academiaodontorn.com.br\/wp-content\/uploads\/2022\/06\/Foto-27.jpg 315w, https:\/\/academiaodontorn.com.br\/wp-content\/uploads\/2022\/06\/Foto-27-159x300.jpg 159w\" sizes=\"(max-width: 315px) 100vw, 315px\" \/><\/a><\/figure>\n\n\n\n<figure class=\"wp-block-image size-full\"><a href=\"http:\/\/academiaodontorn.com.br\/wp-content\/uploads\/2022\/06\/Foto-24.jpg\"><img loading=\"lazy\" decoding=\"async\" width=\"270\" height=\"273\" data-id=\"740\" src=\"http:\/\/academiaodontorn.com.br\/wp-content\/uploads\/2022\/06\/Foto-24.jpg\" alt=\"\" class=\"wp-image-740\"\/><\/a><\/figure>\n\n\n\n<figure class=\"wp-block-image size-full\"><a href=\"http:\/\/academiaodontorn.com.br\/wp-content\/uploads\/2022\/06\/Foto-50.jpg\"><img loading=\"lazy\" decoding=\"async\" width=\"444\" height=\"361\" data-id=\"746\" src=\"http:\/\/academiaodontorn.com.br\/wp-content\/uploads\/2022\/06\/Foto-50.jpg\" alt=\"\" class=\"wp-image-746\" srcset=\"https:\/\/academiaodontorn.com.br\/wp-content\/uploads\/2022\/06\/Foto-50.jpg 444w, https:\/\/academiaodontorn.com.br\/wp-content\/uploads\/2022\/06\/Foto-50-300x244.jpg 300w\" sizes=\"(max-width: 444px) 100vw, 444px\" \/><\/a><\/figure>\n\n\n\n<figure class=\"wp-block-image size-full\"><a href=\"http:\/\/academiaodontorn.com.br\/wp-content\/uploads\/2022\/06\/Foto-43.jpg\"><img loading=\"lazy\" decoding=\"async\" width=\"403\" height=\"590\" data-id=\"748\" src=\"http:\/\/academiaodontorn.com.br\/wp-content\/uploads\/2022\/06\/Foto-43.jpg\" alt=\"\" class=\"wp-image-748\" srcset=\"https:\/\/academiaodontorn.com.br\/wp-content\/uploads\/2022\/06\/Foto-43.jpg 403w, https:\/\/academiaodontorn.com.br\/wp-content\/uploads\/2022\/06\/Foto-43-205x300.jpg 205w\" sizes=\"(max-width: 403px) 100vw, 403px\" \/><\/a><\/figure>\n\n\n\n<figure class=\"wp-block-image size-full\"><a href=\"http:\/\/academiaodontorn.com.br\/wp-content\/uploads\/2022\/06\/Foto-44.jpg\"><img loading=\"lazy\" decoding=\"async\" width=\"323\" height=\"381\" data-id=\"744\" src=\"http:\/\/academiaodontorn.com.br\/wp-content\/uploads\/2022\/06\/Foto-44.jpg\" alt=\"\" class=\"wp-image-744\" srcset=\"https:\/\/academiaodontorn.com.br\/wp-content\/uploads\/2022\/06\/Foto-44.jpg 323w, https:\/\/academiaodontorn.com.br\/wp-content\/uploads\/2022\/06\/Foto-44-254x300.jpg 254w\" sizes=\"(max-width: 323px) 100vw, 323px\" \/><\/a><\/figure>\n\n\n\n<figure class=\"wp-block-image size-full\"><a href=\"http:\/\/academiaodontorn.com.br\/wp-content\/uploads\/2022\/06\/Foto-39.jpg\"><img loading=\"lazy\" decoding=\"async\" width=\"377\" height=\"555\" data-id=\"750\" src=\"http:\/\/academiaodontorn.com.br\/wp-content\/uploads\/2022\/06\/Foto-39.jpg\" alt=\"\" class=\"wp-image-750\" srcset=\"https:\/\/academiaodontorn.com.br\/wp-content\/uploads\/2022\/06\/Foto-39.jpg 377w, https:\/\/academiaodontorn.com.br\/wp-content\/uploads\/2022\/06\/Foto-39-204x300.jpg 204w\" sizes=\"(max-width: 377px) 100vw, 377px\" \/><\/a><\/figure>\n\n\n\n<figure class=\"wp-block-image size-large\"><a href=\"http:\/\/academiaodontorn.com.br\/wp-content\/uploads\/2022\/06\/001.jpeg\"><img loading=\"lazy\" decoding=\"async\" width=\"1024\" height=\"695\" data-id=\"752\" src=\"http:\/\/academiaodontorn.com.br\/wp-content\/uploads\/2022\/06\/001-1024x695.jpeg\" alt=\"\" class=\"wp-image-752\" srcset=\"https:\/\/academiaodontorn.com.br\/wp-content\/uploads\/2022\/06\/001-1024x695.jpeg 1024w, https:\/\/academiaodontorn.com.br\/wp-content\/uploads\/2022\/06\/001-300x204.jpeg 300w, https:\/\/academiaodontorn.com.br\/wp-content\/uploads\/2022\/06\/001-768x521.jpeg 768w, https:\/\/academiaodontorn.com.br\/wp-content\/uploads\/2022\/06\/001-1536x1043.jpeg 1536w, https:\/\/academiaodontorn.com.br\/wp-content\/uploads\/2022\/06\/001.jpeg 1600w\" sizes=\"(max-width: 1024px) 100vw, 1024px\" \/><\/a><\/figure>\n\n\n\n<figure class=\"wp-block-image size-large is-style-default\"><a href=\"http:\/\/academiaodontorn.com.br\/wp-content\/uploads\/2022\/06\/002.jpeg\"><img loading=\"lazy\" decoding=\"async\" width=\"657\" height=\"1024\" data-id=\"753\" src=\"http:\/\/academiaodontorn.com.br\/wp-content\/uploads\/2022\/06\/002-657x1024.jpeg\" alt=\"\" class=\"wp-image-753\" srcset=\"https:\/\/academiaodontorn.com.br\/wp-content\/uploads\/2022\/06\/002-657x1024.jpeg 657w, https:\/\/academiaodontorn.com.br\/wp-content\/uploads\/2022\/06\/002-192x300.jpeg 192w, https:\/\/academiaodontorn.com.br\/wp-content\/uploads\/2022\/06\/002-768x1198.jpeg 768w, https:\/\/academiaodontorn.com.br\/wp-content\/uploads\/2022\/06\/002-985x1536.jpeg 985w, https:\/\/academiaodontorn.com.br\/wp-content\/uploads\/2022\/06\/002.jpeg 1026w\" sizes=\"(max-width: 657px) 100vw, 657px\" \/><\/a><\/figure>\n\n\n\n<figure class=\"wp-block-image size-large\"><a href=\"http:\/\/academiaodontorn.com.br\/wp-content\/uploads\/2022\/06\/FOTO_DR-SOLON-DE-MIRANDA-GALVAO.jpg\"><img loading=\"lazy\" decoding=\"async\" width=\"708\" height=\"1024\" data-id=\"737\" src=\"http:\/\/academiaodontorn.com.br\/wp-content\/uploads\/2022\/06\/FOTO_DR-SOLON-DE-MIRANDA-GALVAO-708x1024.jpg\" alt=\"\" class=\"wp-image-737\" srcset=\"https:\/\/academiaodontorn.com.br\/wp-content\/uploads\/2022\/06\/FOTO_DR-SOLON-DE-MIRANDA-GALVAO-708x1024.jpg 708w, https:\/\/academiaodontorn.com.br\/wp-content\/uploads\/2022\/06\/FOTO_DR-SOLON-DE-MIRANDA-GALVAO-207x300.jpg 207w, https:\/\/academiaodontorn.com.br\/wp-content\/uploads\/2022\/06\/FOTO_DR-SOLON-DE-MIRANDA-GALVAO-768x1111.jpg 768w, https:\/\/academiaodontorn.com.br\/wp-content\/uploads\/2022\/06\/FOTO_DR-SOLON-DE-MIRANDA-GALVAO.jpg 782w\" sizes=\"(max-width: 708px) 100vw, 708px\" \/><\/a><\/figure>\n\n\n\n<figure class=\"wp-block-image\"><a href=\"https:\/\/academiaodontorn.com.br\/wp-content\/uploads\/2018\/09\/ANRO-MUSEU-DENTADURA-BOLA-BILHAR.jpg\"><img loading=\"lazy\" decoding=\"async\" width=\"320\" height=\"253\" data-id=\"166\" src=\"http:\/\/academiaodontorn.com.br\/wp-content\/uploads\/2018\/09\/ANRO-MUSEU-DENTADURA-BOLA-BILHAR.jpg\" alt=\"\" class=\"wp-image-166\" srcset=\"https:\/\/academiaodontorn.com.br\/wp-content\/uploads\/2018\/09\/ANRO-MUSEU-DENTADURA-BOLA-BILHAR.jpg 320w, https:\/\/academiaodontorn.com.br\/wp-content\/uploads\/2018\/09\/ANRO-MUSEU-DENTADURA-BOLA-BILHAR-300x237.jpg 300w\" sizes=\"(max-width: 320px) 100vw, 320px\" \/><\/a><figcaption>Pr\u00f3tese Total feita de bola de bilhar. \u00danica no mundo!<\/figcaption><\/figure>\n<\/figure>\n\n\n\n\n\n<p><\/p>\n","protected":false},"excerpt":{"rendered":"<p>O Museu O Museu recebeu o nome de SOLON DE MIRANDA GALV\u00c3O e teve origem no Instituto&nbsp;de mesmo nome, ao qual pertenciam seu filho Clemente Galv\u00e3o Neto e mais os&nbsp;Acad\u00eamicos Darce, Paulo, Yara, Elza e An\u00edbal. Na \u00e9poca, embora em local pequeno, o Museu j\u00e1 tinha in\u00fameras pe\u00e7as, onde, al\u00e9m&nbsp;daquelas pertencentes ao Dr. Solon, iam [&hellip;]<\/p>\n","protected":false},"author":1,"featured_media":735,"parent":0,"menu_order":0,"comment_status":"closed","ping_status":"closed","template":"","meta":{"_acf_changed":false,"_exactmetrics_skip_tracking":false,"_exactmetrics_sitenote_active":false,"_exactmetrics_sitenote_note":"","_exactmetrics_sitenote_category":0,"footnotes":""},"acf":[],"_links":{"self":[{"href":"https:\/\/academiaodontorn.com.br\/index.php\/wp-json\/wp\/v2\/pages\/60"}],"collection":[{"href":"https:\/\/academiaodontorn.com.br\/index.php\/wp-json\/wp\/v2\/pages"}],"about":[{"href":"https:\/\/academiaodontorn.com.br\/index.php\/wp-json\/wp\/v2\/types\/page"}],"author":[{"embeddable":true,"href":"https:\/\/academiaodontorn.com.br\/index.php\/wp-json\/wp\/v2\/users\/1"}],"replies":[{"embeddable":true,"href":"https:\/\/academiaodontorn.com.br\/index.php\/wp-json\/wp\/v2\/comments?post=60"}],"version-history":[{"count":37,"href":"https:\/\/academiaodontorn.com.br\/index.php\/wp-json\/wp\/v2\/pages\/60\/revisions"}],"predecessor-version":[{"id":757,"href":"https:\/\/academiaodontorn.com.br\/index.php\/wp-json\/wp\/v2\/pages\/60\/revisions\/757"}],"wp:featuredmedia":[{"embeddable":true,"href":"https:\/\/academiaodontorn.com.br\/index.php\/wp-json\/wp\/v2\/media\/735"}],"wp:attachment":[{"href":"https:\/\/academiaodontorn.com.br\/index.php\/wp-json\/wp\/v2\/media?parent=60"}],"curies":[{"name":"wp","href":"https:\/\/api.w.org\/{rel}","templated":true}]}}