{"id":79,"date":"2018-08-30T20:26:22","date_gmt":"2018-08-30T20:26:22","guid":{"rendered":"http:\/\/localhost\/academia-odontologia\/?page_id=79"},"modified":"2019-06-12T18:57:26","modified_gmt":"2019-06-12T18:57:26","slug":"cursos-em-andamentos","status":"publish","type":"page","link":"https:\/\/academiaodontorn.com.br\/index.php\/cursos-em-andamentos\/","title":{"rendered":"Cursos em Andamento"},"content":{"rendered":"\n<h4 class=\"wp-block-heading\">Cursos de odontologia que <strong>j\u00e1 est\u00e3o acontecendo<\/strong>.<br>Clique para ver mais informa\u00e7\u00f5es e inscreva-se para pr\u00f3ximas turmas!<\/h4>\n","protected":false},"excerpt":{"rendered":"<p>Cursos de odontologia que j\u00e1 est\u00e3o acontecendo.Clique para ver mais informa\u00e7\u00f5es e inscreva-se para pr\u00f3ximas turmas!<\/p>\n","protected":false},"author":1,"featured_media":0,"parent":0,"menu_order":0,"comment_status":"closed","ping_status":"closed","template":"page-cursos.php","meta":{"_acf_changed":false,"_exactmetrics_skip_tracking":false,"_exactmetrics_sitenote_active":false,"_exactmetrics_sitenote_note":"","_exactmetrics_sitenote_category":0,"footnotes":""},"acf":[],"_links":{"self":[{"href":"https:\/\/academiaodontorn.com.br\/index.php\/wp-json\/wp\/v2\/pages\/79"}],"collection":[{"href":"https:\/\/academiaodontorn.com.br\/index.php\/wp-json\/wp\/v2\/pages"}],"about":[{"href":"https:\/\/academiaodontorn.com.br\/index.php\/wp-json\/wp\/v2\/types\/page"}],"author":[{"embeddable":true,"href":"https:\/\/academiaodontorn.com.br\/index.php\/wp-json\/wp\/v2\/users\/1"}],"replies":[{"embeddable":true,"href":"https:\/\/academiaodontorn.com.br\/index.php\/wp-json\/wp\/v2\/comments?post=79"}],"version-history":[{"count":8,"href":"https:\/\/academiaodontorn.com.br\/index.php\/wp-json\/wp\/v2\/pages\/79\/revisions"}],"predecessor-version":[{"id":559,"href":"https:\/\/academiaodontorn.com.br\/index.php\/wp-json\/wp\/v2\/pages\/79\/revisions\/559"}],"wp:attachment":[{"href":"https:\/\/academiaodontorn.com.br\/index.php\/wp-json\/wp\/v2\/media?parent=79"}],"curies":[{"name":"wp","href":"https:\/\/api.w.org\/{rel}","templated":true}]}}